{"id":1827,"date":"2023-05-28T22:27:50","date_gmt":"2023-05-29T02:27:50","guid":{"rendered":"https:\/\/tartinadespunch.com\/?post_type=product&#038;p=1827"},"modified":"2026-03-05T16:54:52","modified_gmt":"2026-03-05T21:54:52","slug":"duo-de-tartinades","status":"publish","type":"product","link":"https:\/\/tartinadespunch.com\/en\/product\/duo-de-tartinades\/","title":{"rendered":"Duo de tartinades"},"content":{"rendered":"<p><span style=\"font-weight: 400;\">Deux saveurs au choix (250 ml) dans une superbe bo\u00eete d\u00e9cor\u00e9e aux couleurs de Punch. Parfait pour un cadeau d\u2019h\u00f4te, ou tout geste d\u2019appr\u00e9ciation<\/span><\/p>","protected":false},"excerpt":{"rendered":"<p>Deux saveurs au choix (250 ml) dans une superbe bo\u00eete d\u00e9cor\u00e9e aux couleurs de Punch. Parfait pour un cadeau d\u2019h\u00f4te, ou tout geste d\u2019appr\u00e9ciation<\/p>","protected":false},"featured_media":1830,"comment_status":"open","ping_status":"closed","template":"","meta":{"_acf_changed":false,"iawp_total_views":322},"product_brand":[],"product_cat":[22],"product_tag":[],"class_list":{"0":"post-1827","1":"product","2":"type-product","3":"status-publish","4":"has-post-thumbnail","6":"product_cat-ensembles","8":"first","9":"instock","10":"purchasable","11":"product-type-simple"},"acf":[],"jetpack_sharing_enabled":true,"_links":{"self":[{"href":"https:\/\/tartinadespunch.com\/en\/wp-json\/wp\/v2\/product\/1827","targetHints":{"allow":["GET"]}}],"collection":[{"href":"https:\/\/tartinadespunch.com\/en\/wp-json\/wp\/v2\/product"}],"about":[{"href":"https:\/\/tartinadespunch.com\/en\/wp-json\/wp\/v2\/types\/product"}],"replies":[{"embeddable":true,"href":"https:\/\/tartinadespunch.com\/en\/wp-json\/wp\/v2\/comments?post=1827"}],"wp:featuredmedia":[{"embeddable":true,"href":"https:\/\/tartinadespunch.com\/en\/wp-json\/wp\/v2\/media\/1830"}],"wp:attachment":[{"href":"https:\/\/tartinadespunch.com\/en\/wp-json\/wp\/v2\/media?parent=1827"}],"wp:term":[{"taxonomy":"product_brand","embeddable":true,"href":"https:\/\/tartinadespunch.com\/en\/wp-json\/wp\/v2\/product_brand?post=1827"},{"taxonomy":"product_cat","embeddable":true,"href":"https:\/\/tartinadespunch.com\/en\/wp-json\/wp\/v2\/product_cat?post=1827"},{"taxonomy":"product_tag","embeddable":true,"href":"https:\/\/tartinadespunch.com\/en\/wp-json\/wp\/v2\/product_tag?post=1827"}],"curies":[{"name":"wp","href":"https:\/\/api.w.org\/{rel}","templated":true}]}}