{"id":1817,"date":"2025-01-17T15:22:37","date_gmt":"2025-01-17T19:22:37","guid":{"rendered":"https:\/\/tartinadespunch.com\/?post_type=product&#038;p=1817"},"modified":"2026-03-18T20:22:40","modified_gmt":"2026-03-19T01:22:40","slug":"tartinade-biologique-de-camerises-et-raisin","status":"publish","type":"product","link":"https:\/\/tartinadespunch.com\/en\/product\/tartinade-biologique-de-camerises-et-raisin\/","title":{"rendered":"Tartinade biologique de camerises et raisin"},"content":{"rendered":"<p>La camerise est un fruit \u00e9mergent bourr\u00e9 de vitamines et anti-oxydants. Toute seule, sa peau \u00e9paisse donne une tartinade dense, et c&#8217;est pourquoi nous l&#8217;avons all\u00e9g\u00e9 avec du jus de raisin bleu. Le jus de raisin sucre partiellement l&#8217;ensemble, et d\u00e9l\u00e8gue le sucre de canne au troisi\u00e8me rang des ingr\u00e9dients.<\/p>\n<p>La camerise apporte l&#8217;acidit\u00e9 et l&#8217;astringence qui donne une longue finale \u00e0 l&#8217;ensemble.<\/p>\n<p><b><i>Suggestion d\u2019accord : en accompagnement d&#8217;une croustade<\/i><\/b><\/p>","protected":false},"excerpt":{"rendered":"<p>La camerise apporte l&#8217;acidit\u00e9 et l&#8217;astringence qui donne une longue finale \u00e0 l&#8217;ensemble tr\u00e8s peu sucr\u00e9 (5 g de sucre par portion) et bourr\u00e9 d&#8217;anti-oxydants.<\/p>","protected":false},"featured_media":2086,"comment_status":"open","ping_status":"closed","template":"","meta":{"_acf_changed":false,"iawp_total_views":38},"product_brand":[],"product_cat":[23],"product_tag":[],"class_list":{"0":"post-1817","1":"product","2":"type-product","3":"status-publish","4":"has-post-thumbnail","6":"product_cat-tartinades","8":"first","9":"instock","10":"featured","11":"shipping-taxable","12":"purchasable","13":"product-type-variable"},"acf":[],"jetpack_sharing_enabled":true,"_links":{"self":[{"href":"https:\/\/tartinadespunch.com\/en\/wp-json\/wp\/v2\/product\/1817","targetHints":{"allow":["GET"]}}],"collection":[{"href":"https:\/\/tartinadespunch.com\/en\/wp-json\/wp\/v2\/product"}],"about":[{"href":"https:\/\/tartinadespunch.com\/en\/wp-json\/wp\/v2\/types\/product"}],"replies":[{"embeddable":true,"href":"https:\/\/tartinadespunch.com\/en\/wp-json\/wp\/v2\/comments?post=1817"}],"wp:featuredmedia":[{"embeddable":true,"href":"https:\/\/tartinadespunch.com\/en\/wp-json\/wp\/v2\/media\/2086"}],"wp:attachment":[{"href":"https:\/\/tartinadespunch.com\/en\/wp-json\/wp\/v2\/media?parent=1817"}],"wp:term":[{"taxonomy":"product_brand","embeddable":true,"href":"https:\/\/tartinadespunch.com\/en\/wp-json\/wp\/v2\/product_brand?post=1817"},{"taxonomy":"product_cat","embeddable":true,"href":"https:\/\/tartinadespunch.com\/en\/wp-json\/wp\/v2\/product_cat?post=1817"},{"taxonomy":"product_tag","embeddable":true,"href":"https:\/\/tartinadespunch.com\/en\/wp-json\/wp\/v2\/product_tag?post=1817"}],"curies":[{"name":"wp","href":"https:\/\/api.w.org\/{rel}","templated":true}]}}