{"id":1742,"date":"2024-09-27T17:47:25","date_gmt":"2024-09-27T22:47:25","guid":{"rendered":"https:\/\/tartinadespunch.com\/?post_type=product&#038;p=1742"},"modified":"2026-03-30T21:18:41","modified_gmt":"2026-03-31T02:18:41","slug":"zestes-de-clementine-confits-biologiques","status":"publish","type":"product","link":"https:\/\/tartinadespunch.com\/en\/product\/zestes-de-clementine-confits-biologiques\/","title":{"rendered":"\u00c9clats de cl\u00e9mentine confits biologiques"},"content":{"rendered":"<p>Fines lani\u00e8res de zeste de cl\u00e9mentine cuites dans le sucre, rinc\u00e9es et laiss\u00e9es \u00e0 s\u00e9cher pendant 48 heures. Elles deviennent croquantes, sucr\u00e9es et aromatiques.<\/p>\n<p>Parfaites pour soupoudrer sur un dessert glac\u00e9, une salade ou m\u00eame du poulet hach\u00e9.<\/p>","protected":false},"excerpt":{"rendered":"<p>Fines lani\u00e8res de zeste de cl\u00e9mentine confits. Elles sont croquantes, sucr\u00e9es et aromatiques.<\/p>","protected":false},"featured_media":2107,"comment_status":"open","ping_status":"closed","template":"","meta":{"_acf_changed":false,"iawp_total_views":176},"product_brand":[],"product_cat":[43],"product_tag":[],"class_list":{"0":"post-1742","1":"product","2":"type-product","3":"status-publish","4":"has-post-thumbnail","6":"product_cat-zestes_confits_biologiques","8":"first","9":"instock","10":"shipping-taxable","11":"purchasable","12":"product-type-variable"},"acf":[],"jetpack_sharing_enabled":true,"_links":{"self":[{"href":"https:\/\/tartinadespunch.com\/en\/wp-json\/wp\/v2\/product\/1742","targetHints":{"allow":["GET"]}}],"collection":[{"href":"https:\/\/tartinadespunch.com\/en\/wp-json\/wp\/v2\/product"}],"about":[{"href":"https:\/\/tartinadespunch.com\/en\/wp-json\/wp\/v2\/types\/product"}],"replies":[{"embeddable":true,"href":"https:\/\/tartinadespunch.com\/en\/wp-json\/wp\/v2\/comments?post=1742"}],"wp:featuredmedia":[{"embeddable":true,"href":"https:\/\/tartinadespunch.com\/en\/wp-json\/wp\/v2\/media\/2107"}],"wp:attachment":[{"href":"https:\/\/tartinadespunch.com\/en\/wp-json\/wp\/v2\/media?parent=1742"}],"wp:term":[{"taxonomy":"product_brand","embeddable":true,"href":"https:\/\/tartinadespunch.com\/en\/wp-json\/wp\/v2\/product_brand?post=1742"},{"taxonomy":"product_cat","embeddable":true,"href":"https:\/\/tartinadespunch.com\/en\/wp-json\/wp\/v2\/product_cat?post=1742"},{"taxonomy":"product_tag","embeddable":true,"href":"https:\/\/tartinadespunch.com\/en\/wp-json\/wp\/v2\/product_tag?post=1742"}],"curies":[{"name":"wp","href":"https:\/\/api.w.org\/{rel}","templated":true}]}}