{"id":1658,"date":"2023-05-29T23:42:31","date_gmt":"2023-05-30T03:42:31","guid":{"rendered":"https:\/\/tartinadespunch.com\/dev\/?post_type=product&#038;p=1658"},"modified":"2026-03-05T16:48:26","modified_gmt":"2026-03-05T21:48:26","slug":"tartinade-peche-et-pomelo","status":"publish","type":"product","link":"https:\/\/tartinadespunch.com\/en\/product\/tartinade-peche-et-pomelo\/","title":{"rendered":"Peach and Pomelo Spread"},"content":{"rendered":"<p><span style=\"font-weight: 400;\">What could be more enticing than a succulent, perfectly ripe peach? It waltzes with the bitterness of pink grapefruit to create a stunning aromatic ensemble.<\/span><\/p>\n<p><i><span style=\"font-weight: 400;\">Powerful nose mostly carried on the peach where the pomelo is rather discreet. Be patient\u2026 !<\/span><\/i><\/p>\n<p><i><span style=\"font-weight: 400;\">On the palate the peach flesh and pomelo peel give a jam that \u201cpunches\u201d in flavor and texture. The peach reigns in the foreground and the pomelo takes its place at the end of the mouth and creates a harmony, sweet, acid and bitter. The finish is carried by subtle aromas of pomelo while elegant and discreet!<\/span><\/i><\/p>\n<p><i><span style=\"font-weight: 400;\">The jam is perfect to brighten up your morning! Its vibrant side and its finish on the nervousness of the pomelo acidity are perfect to wake you up!<\/span><\/i><\/p>\n<p><b><i>Serving suggestion: challah bread or a giant pretzel<\/i><\/b><\/p>\n<p>&nbsp;<\/p>","protected":false},"excerpt":{"rendered":"<p>Quoi de plus all\u00e9chant qu\u2019une p\u00eache succulente et parfaitement m\u00fbre ? Il valse avec l\u2019amertume du pom\u00e9lo pour cr\u00e9er un ensemble aromatique \u00e9poustouflant. Nez puissant port\u00e9 essentiellement sur la plage o\u00f9 le pom\u00e9lo se fait plut\u00f4t discret. Soyez patient\u2026 ! En bouche, la chair de p\u00eache et l\u2019\u00e9corce de pom\u00e9lo donnent une confiture qui \u00ab [&hellip;]<\/p>\n","protected":false},"featured_media":1700,"comment_status":"open","ping_status":"closed","template":"","meta":{"_acf_changed":false,"iawp_total_views":58},"product_brand":[],"product_cat":[23],"product_tag":[],"class_list":{"0":"post-1658","1":"product","2":"type-product","3":"status-publish","4":"has-post-thumbnail","6":"product_cat-tartinades","8":"first","9":"instock","10":"sale","11":"shipping-taxable","12":"purchasable","13":"product-type-variable"},"acf":[],"jetpack_sharing_enabled":true,"_links":{"self":[{"href":"https:\/\/tartinadespunch.com\/en\/wp-json\/wp\/v2\/product\/1658","targetHints":{"allow":["GET"]}}],"collection":[{"href":"https:\/\/tartinadespunch.com\/en\/wp-json\/wp\/v2\/product"}],"about":[{"href":"https:\/\/tartinadespunch.com\/en\/wp-json\/wp\/v2\/types\/product"}],"replies":[{"embeddable":true,"href":"https:\/\/tartinadespunch.com\/en\/wp-json\/wp\/v2\/comments?post=1658"}],"wp:featuredmedia":[{"embeddable":true,"href":"https:\/\/tartinadespunch.com\/en\/wp-json\/wp\/v2\/media\/1700"}],"wp:attachment":[{"href":"https:\/\/tartinadespunch.com\/en\/wp-json\/wp\/v2\/media?parent=1658"}],"wp:term":[{"taxonomy":"product_brand","embeddable":true,"href":"https:\/\/tartinadespunch.com\/en\/wp-json\/wp\/v2\/product_brand?post=1658"},{"taxonomy":"product_cat","embeddable":true,"href":"https:\/\/tartinadespunch.com\/en\/wp-json\/wp\/v2\/product_cat?post=1658"},{"taxonomy":"product_tag","embeddable":true,"href":"https:\/\/tartinadespunch.com\/en\/wp-json\/wp\/v2\/product_tag?post=1658"}],"curies":[{"name":"wp","href":"https:\/\/api.w.org\/{rel}","templated":true}]}}