{"id":1651,"date":"2024-05-29T23:10:36","date_gmt":"2024-05-30T03:10:36","guid":{"rendered":"https:\/\/tartinadespunch.com\/dev\/?post_type=product&#038;p=1651"},"modified":"2026-03-05T16:30:14","modified_gmt":"2026-03-05T21:30:14","slug":"gelee-biologique-de-pommettes","status":"publish","type":"product","link":"https:\/\/tartinadespunch.com\/en\/product\/gelee-biologique-de-pommettes\/","title":{"rendered":"Organic Crabapple Jelly"},"content":{"rendered":"<p><span style=\"font-weight: 400;\">Louis-Jacques Bleu, Sommelier Les Cavistes-Wine Spectator Award depuis 2014, d\u00e9crit ainsi cette tartinade :<\/span><\/p>\n<p>Nez discret de pommes avec un subtil c\u00f4t\u00e9 floral.<\/p>\n<p>En bouche l\u2019explosion de saveurs compense largement pour la discr\u00e9tion de son bouquet.<\/p>\n<p>Rappel le go\u00fbt du jus de pomme fra\u00eechement press\u00e9 achet\u00e9 apr\u00e8s une journ\u00e9e aux vergers\u00a0!<\/p>\n<p>Vive la pectine des fruits de verger, la gel\u00e9e est bien ferme et la persistance aromatique de go\u00fbt de pomme est tr\u00e8s longue en bouche.<\/p>\n<p><b><i>Accord sugg\u00e9r\u00e9 : pain au fomage (je recommande vieux-cheddar)<\/i><\/b><\/p>\n<p>&nbsp;<\/p>","protected":false},"excerpt":{"rendered":"<p>Louis-Jacques Bleu, Sommelier Les Cavistes-Wine Spectator Award depuis 2014, d\u00e9crit ainsi cette tartinade : Nez discret de pommes avec un subtil c\u00f4t\u00e9 floral. En bouche l\u2019explosion de saveurs compense largement pour la discr\u00e9tion de son bouquet. Rappel le go\u00fbt du jus de pomme fra\u00eechement press\u00e9 achet\u00e9 apr\u00e8s une journ\u00e9e aux vergers\u00a0! Vive la pectine des [&hellip;]<\/p>\n","protected":false},"featured_media":1701,"comment_status":"open","ping_status":"closed","template":"","meta":{"_acf_changed":false,"iawp_total_views":63},"product_brand":[],"product_cat":[23],"product_tag":[],"class_list":{"0":"post-1651","1":"product","2":"type-product","3":"status-publish","4":"has-post-thumbnail","6":"product_cat-tartinades","8":"first","9":"instock","10":"sale","11":"shipping-taxable","12":"purchasable","13":"product-type-variable"},"acf":[],"jetpack_sharing_enabled":true,"_links":{"self":[{"href":"https:\/\/tartinadespunch.com\/en\/wp-json\/wp\/v2\/product\/1651","targetHints":{"allow":["GET"]}}],"collection":[{"href":"https:\/\/tartinadespunch.com\/en\/wp-json\/wp\/v2\/product"}],"about":[{"href":"https:\/\/tartinadespunch.com\/en\/wp-json\/wp\/v2\/types\/product"}],"replies":[{"embeddable":true,"href":"https:\/\/tartinadespunch.com\/en\/wp-json\/wp\/v2\/comments?post=1651"}],"wp:featuredmedia":[{"embeddable":true,"href":"https:\/\/tartinadespunch.com\/en\/wp-json\/wp\/v2\/media\/1701"}],"wp:attachment":[{"href":"https:\/\/tartinadespunch.com\/en\/wp-json\/wp\/v2\/media?parent=1651"}],"wp:term":[{"taxonomy":"product_brand","embeddable":true,"href":"https:\/\/tartinadespunch.com\/en\/wp-json\/wp\/v2\/product_brand?post=1651"},{"taxonomy":"product_cat","embeddable":true,"href":"https:\/\/tartinadespunch.com\/en\/wp-json\/wp\/v2\/product_cat?post=1651"},{"taxonomy":"product_tag","embeddable":true,"href":"https:\/\/tartinadespunch.com\/en\/wp-json\/wp\/v2\/product_tag?post=1651"}],"curies":[{"name":"wp","href":"https:\/\/api.w.org\/{rel}","templated":true}]}}