{"id":1633,"date":"2025-05-29T22:27:33","date_gmt":"2025-05-30T02:27:33","guid":{"rendered":"https:\/\/tartinadespunch.com\/dev\/?post_type=product&#038;p=1633"},"modified":"2026-03-05T16:17:05","modified_gmt":"2026-03-05T21:17:05","slug":"tartinade-biologique-de-framboises-et-lavande","status":"publish","type":"product","link":"https:\/\/tartinadespunch.com\/en\/product\/tartinade-biologique-de-framboises-et-lavande\/","title":{"rendered":"Organic Raspberry and Lavender Spread"},"content":{"rendered":"<p>The classic raspberry spread with a hint of true lavender, which only grows at an altitude of 1,800 meters in Provence. The vibrant fruitiness evolves into an elegant woody finish.<\/p>\n<p><b><i>Suggested pairing: scone with Provence herbs<\/i><\/b><\/p>","protected":false},"excerpt":{"rendered":"<p>La classique tartinade de framboise soulign\u00e9e d\u2019un trait de lavande vraie, qui ne pousse qu\u2019\u00e0 1800 m\u00e8tres d\u2019altitude en Provence. Le fruit\u00e9 \u00e9clatant se transforme en bois\u00e9 \u00e9l\u00e9gant dans sa finale. Suggestion d\u2019accord : scone aux herbes de provence<\/p>","protected":false},"featured_media":1977,"comment_status":"open","ping_status":"closed","template":"","meta":{"_acf_changed":false,"iawp_total_views":176},"product_brand":[],"product_cat":[23],"product_tag":[],"class_list":{"0":"post-1633","1":"product","2":"type-product","3":"status-publish","4":"has-post-thumbnail","6":"product_cat-tartinades","8":"first","9":"instock","10":"featured","11":"shipping-taxable","12":"purchasable","13":"product-type-variable"},"acf":[],"jetpack_sharing_enabled":true,"_links":{"self":[{"href":"https:\/\/tartinadespunch.com\/en\/wp-json\/wp\/v2\/product\/1633","targetHints":{"allow":["GET"]}}],"collection":[{"href":"https:\/\/tartinadespunch.com\/en\/wp-json\/wp\/v2\/product"}],"about":[{"href":"https:\/\/tartinadespunch.com\/en\/wp-json\/wp\/v2\/types\/product"}],"replies":[{"embeddable":true,"href":"https:\/\/tartinadespunch.com\/en\/wp-json\/wp\/v2\/comments?post=1633"}],"wp:featuredmedia":[{"embeddable":true,"href":"https:\/\/tartinadespunch.com\/en\/wp-json\/wp\/v2\/media\/1977"}],"wp:attachment":[{"href":"https:\/\/tartinadespunch.com\/en\/wp-json\/wp\/v2\/media?parent=1633"}],"wp:term":[{"taxonomy":"product_brand","embeddable":true,"href":"https:\/\/tartinadespunch.com\/en\/wp-json\/wp\/v2\/product_brand?post=1633"},{"taxonomy":"product_cat","embeddable":true,"href":"https:\/\/tartinadespunch.com\/en\/wp-json\/wp\/v2\/product_cat?post=1633"},{"taxonomy":"product_tag","embeddable":true,"href":"https:\/\/tartinadespunch.com\/en\/wp-json\/wp\/v2\/product_tag?post=1633"}],"curies":[{"name":"wp","href":"https:\/\/api.w.org\/{rel}","templated":true}]}}