{"id":1086,"date":"2023-05-21T11:49:50","date_gmt":"2023-05-21T15:49:50","guid":{"rendered":"https:\/\/tartinadespunch.com\/dev\/?post_type=product&#038;p=1086"},"modified":"2026-03-08T20:19:22","modified_gmt":"2026-03-09T01:19:22","slug":"lensemble-les-rarissimes","status":"publish","type":"product","link":"https:\/\/tartinadespunch.com\/en\/product\/lensemble-les-rarissimes\/","title":{"rendered":"L&#8217;ensemble les rarissimes"},"content":{"rendered":"<p>Ensemble rarissimes : Pour le raffinement extr\u00eame<\/p>\n<ul>\n<li>Prunes reines-claudes,<\/li>\n<li>Cerises s\u00fbres,<\/li>\n<li>P\u00eache et pom\u00e9lo<\/li>\n<\/ul>\n<p>Le tout joliment pr\u00e9sent\u00e9 avec un emballage minimal et sans utilisation de plastique. La base est de 3 $ remboursable.<\/p>","protected":false},"excerpt":{"rendered":"<p>Ensemble rarissimes : Pour le raffinement extr\u00eame Prunes reines-claudes, Cerises s\u00fbres, P\u00eache et pom\u00e9lo Le tout joliment pr\u00e9sent\u00e9 avec un emballage minimal et sans utilisation de plastique. La base est de 3 $ remboursable.<\/p>","protected":false},"featured_media":997,"comment_status":"open","ping_status":"closed","template":"","meta":{"_acf_changed":false,"iawp_total_views":84},"product_brand":[],"product_cat":[22],"product_tag":[],"class_list":{"0":"post-1086","1":"product","2":"type-product","3":"status-publish","4":"has-post-thumbnail","6":"product_cat-ensembles","8":"first","9":"instock","10":"sale","11":"shipping-taxable","12":"purchasable","13":"product-type-simple"},"acf":[],"jetpack_sharing_enabled":true,"_links":{"self":[{"href":"https:\/\/tartinadespunch.com\/en\/wp-json\/wp\/v2\/product\/1086","targetHints":{"allow":["GET"]}}],"collection":[{"href":"https:\/\/tartinadespunch.com\/en\/wp-json\/wp\/v2\/product"}],"about":[{"href":"https:\/\/tartinadespunch.com\/en\/wp-json\/wp\/v2\/types\/product"}],"replies":[{"embeddable":true,"href":"https:\/\/tartinadespunch.com\/en\/wp-json\/wp\/v2\/comments?post=1086"}],"wp:featuredmedia":[{"embeddable":true,"href":"https:\/\/tartinadespunch.com\/en\/wp-json\/wp\/v2\/media\/997"}],"wp:attachment":[{"href":"https:\/\/tartinadespunch.com\/en\/wp-json\/wp\/v2\/media?parent=1086"}],"wp:term":[{"taxonomy":"product_brand","embeddable":true,"href":"https:\/\/tartinadespunch.com\/en\/wp-json\/wp\/v2\/product_brand?post=1086"},{"taxonomy":"product_cat","embeddable":true,"href":"https:\/\/tartinadespunch.com\/en\/wp-json\/wp\/v2\/product_cat?post=1086"},{"taxonomy":"product_tag","embeddable":true,"href":"https:\/\/tartinadespunch.com\/en\/wp-json\/wp\/v2\/product_tag?post=1086"}],"curies":[{"name":"wp","href":"https:\/\/api.w.org\/{rel}","templated":true}]}}