{"id":1083,"date":"2024-10-21T11:49:50","date_gmt":"2024-10-21T16:49:50","guid":{"rendered":"https:\/\/tartinadespunch.com\/dev\/?post_type=product&#038;p=1083"},"modified":"2026-03-30T21:16:43","modified_gmt":"2026-03-31T02:16:43","slug":"tartinade-biologique-cerises-sures-griottes","status":"publish","type":"product","link":"https:\/\/tartinadespunch.com\/en\/product\/tartinade-biologique-cerises-sures-griottes\/","title":{"rendered":"Sour Cherry Spread"},"content":{"rendered":"<div class=\"wpb_text_column wpb_content_element txtBlock\">\n<div class=\"wpb_wrapper\">\n<p><span style=\"font-weight: 400;\">The sour cherries, from the Romance series have been developed in Canada for their taste and our unyielding winter.\nTheir cultivation is difficult and unpredictable. This product with its incomparable flavor is therefore rare.<\/span><span style=\"font-weight: 400;\"><br \/>\n<\/span><span style=\"font-weight: 400;\">They are difficult and unpredictable to grow. As a result, this product, with its incomparable flavor, is extremely rare.<\/span><\/p>\n<p><i><span style=\"font-weight: 400;\">Louis-Jacques Bleau, Les Cavistes-WineSpectator Award Sommelier since 2014, describes this spread as follows<\/span><\/i><\/p>\n<p><span style=\"font-weight: 400;\">The nose is aromatic of sour type candies!<\/span><\/p>\n<p><span style=\"font-weight: 400;\">On the palate, the spread is chewy, with an explosion of cherry aroma. The sugar is well balanced. There's no need for a broad spectrum of flavors, because THE STAR of the jar takes up all the space.<\/span><\/p>\n<p><span style=\"font-weight: 400;\">Introducing this complex, two-faceted personality: Cerise Romeo &amp; Juliette.<\/span><span style=\"font-weight: 400;\"><br \/>\n<\/span><span style=\"font-weight: 400;\">This spread has a very long aromatic persistence and an acidic finish that makes you want to spread another piece of toast!<\/span><\/p>\n<\/div>\n<p>The spread in the 250 ml format is organic<\/p>\n<div class=\"wpb_wrapper\">\n<p><b><i>Suggested pairing: white sourdough bread, or plain Mediterranean yogurt.<\/i><\/b><\/p>\n<p>&nbsp;<\/p>\n<\/div>\n<\/div>","protected":false},"excerpt":{"rendered":"<p>Les cerises sures, ou griottes, de la s\u00e9rie Romance ont \u00e9t\u00e9 perfectionn\u00e9es au Canada pour leur go\u00fbt et notre hiver intraitable. Leur culture est difficile et impr\u00e9visible. Ce produit \u00e0 la saveur incomparable est donc rarissime. Louis-Jacques Bleu, Sommelier Les Cavistes-Wine Spectator Award depuis 2014, d\u00e9crit ainsi cette tartinade Le nez est aromatique de bonbons [&hellip;]<\/p>\n","protected":false},"featured_media":1981,"comment_status":"open","ping_status":"closed","template":"","meta":{"_acf_changed":false,"iawp_total_views":84},"product_brand":[],"product_cat":[23],"product_tag":[],"class_list":{"0":"post-1083","1":"product","2":"type-product","3":"status-publish","4":"has-post-thumbnail","6":"product_cat-tartinades","8":"first","9":"instock","10":"sale","11":"shipping-taxable","12":"purchasable","13":"product-type-variable"},"acf":[],"jetpack_sharing_enabled":true,"_links":{"self":[{"href":"https:\/\/tartinadespunch.com\/en\/wp-json\/wp\/v2\/product\/1083","targetHints":{"allow":["GET"]}}],"collection":[{"href":"https:\/\/tartinadespunch.com\/en\/wp-json\/wp\/v2\/product"}],"about":[{"href":"https:\/\/tartinadespunch.com\/en\/wp-json\/wp\/v2\/types\/product"}],"replies":[{"embeddable":true,"href":"https:\/\/tartinadespunch.com\/en\/wp-json\/wp\/v2\/comments?post=1083"}],"wp:featuredmedia":[{"embeddable":true,"href":"https:\/\/tartinadespunch.com\/en\/wp-json\/wp\/v2\/media\/1981"}],"wp:attachment":[{"href":"https:\/\/tartinadespunch.com\/en\/wp-json\/wp\/v2\/media?parent=1083"}],"wp:term":[{"taxonomy":"product_brand","embeddable":true,"href":"https:\/\/tartinadespunch.com\/en\/wp-json\/wp\/v2\/product_brand?post=1083"},{"taxonomy":"product_cat","embeddable":true,"href":"https:\/\/tartinadespunch.com\/en\/wp-json\/wp\/v2\/product_cat?post=1083"},{"taxonomy":"product_tag","embeddable":true,"href":"https:\/\/tartinadespunch.com\/en\/wp-json\/wp\/v2\/product_tag?post=1083"}],"curies":[{"name":"wp","href":"https:\/\/api.w.org\/{rel}","templated":true}]}}