{"id":1082,"date":"2023-04-21T11:49:50","date_gmt":"2023-04-21T15:49:50","guid":{"rendered":"https:\/\/tartinadespunch.com\/dev\/?post_type=product&#038;p=1082"},"modified":"2026-03-08T20:18:08","modified_gmt":"2026-03-09T01:18:08","slug":"petit-cadeau","status":"publish","type":"product","link":"https:\/\/tartinadespunch.com\/en\/product\/petit-cadeau\/","title":{"rendered":"Small Gift"},"content":{"rendered":"<p><span style=\"font-weight: 400;\">Deux saveurs au choix (100 ml) dans une superbe bo\u00eete blanche, d\u00e9cor\u00e9e avec un ruban fleuri et une fleur. Parfait pour un cadeau d\u2019h\u00f4te, ou tout geste d\u2019appr\u00e9ciation<\/span><\/p>","protected":false},"excerpt":{"rendered":"<p>Deux saveurs au choix (100 ml) dans une superbe bo\u00eete blanche, d\u00e9cor\u00e9e avec un ruban fleuri et une fleur. Parfait pour un cadeau d\u2019h\u00f4te, ou tout geste d\u2019appr\u00e9ciation<\/p>","protected":false},"featured_media":1702,"comment_status":"open","ping_status":"closed","template":"","meta":{"_acf_changed":false,"iawp_total_views":117},"product_brand":[],"product_cat":[22],"product_tag":[],"class_list":{"0":"post-1082","1":"product","2":"type-product","3":"status-publish","4":"has-post-thumbnail","6":"product_cat-ensembles","8":"first","9":"instock","10":"shipping-taxable","11":"purchasable","12":"product-type-simple"},"acf":[],"jetpack_sharing_enabled":true,"_links":{"self":[{"href":"https:\/\/tartinadespunch.com\/en\/wp-json\/wp\/v2\/product\/1082","targetHints":{"allow":["GET"]}}],"collection":[{"href":"https:\/\/tartinadespunch.com\/en\/wp-json\/wp\/v2\/product"}],"about":[{"href":"https:\/\/tartinadespunch.com\/en\/wp-json\/wp\/v2\/types\/product"}],"replies":[{"embeddable":true,"href":"https:\/\/tartinadespunch.com\/en\/wp-json\/wp\/v2\/comments?post=1082"}],"wp:featuredmedia":[{"embeddable":true,"href":"https:\/\/tartinadespunch.com\/en\/wp-json\/wp\/v2\/media\/1702"}],"wp:attachment":[{"href":"https:\/\/tartinadespunch.com\/en\/wp-json\/wp\/v2\/media?parent=1082"}],"wp:term":[{"taxonomy":"product_brand","embeddable":true,"href":"https:\/\/tartinadespunch.com\/en\/wp-json\/wp\/v2\/product_brand?post=1082"},{"taxonomy":"product_cat","embeddable":true,"href":"https:\/\/tartinadespunch.com\/en\/wp-json\/wp\/v2\/product_cat?post=1082"},{"taxonomy":"product_tag","embeddable":true,"href":"https:\/\/tartinadespunch.com\/en\/wp-json\/wp\/v2\/product_tag?post=1082"}],"curies":[{"name":"wp","href":"https:\/\/api.w.org\/{rel}","templated":true}]}}