{"id":1079,"date":"2023-05-21T11:49:50","date_gmt":"2023-05-21T15:49:50","guid":{"rendered":"https:\/\/tartinadespunch.com\/dev\/?post_type=product&#038;p=1079"},"modified":"2026-03-08T20:23:43","modified_gmt":"2026-03-09T01:23:43","slug":"plateau-de-degustation","status":"publish","type":"product","link":"https:\/\/tartinadespunch.com\/en\/product\/plateau-de-degustation\/","title":{"rendered":"Tasting Platter"},"content":{"rendered":"<p><span style=\"font-weight: 400;\">Le paquet entier! Le plateau de d\u00e9gustation aux 10 saveurs. Pour les amateurs de petit-d\u00e9jeuner. Id\u00e9al pour le lendemain de No\u00ebl ! Le plateau est en bois d&#8217;acacia et saura servir comme ustensile de pr\u00e9sentation.<\/span><\/p>","protected":false},"excerpt":{"rendered":"<p>Le paquet entier! Le plateau de d\u00e9gustation aux 10 saveurs. Pour les amateurs de petit-d\u00e9jeuner. Id\u00e9al pour le lendemain de No\u00ebl ! Le plateau est en bois d&#8217;acacia et saura servir comme ustensile de pr\u00e9sentation.<\/p>","protected":false},"featured_media":991,"comment_status":"open","ping_status":"closed","template":"","meta":{"_acf_changed":false,"iawp_total_views":124},"product_brand":[],"product_cat":[22],"product_tag":[],"class_list":{"0":"post-1079","1":"product","2":"type-product","3":"status-publish","4":"has-post-thumbnail","6":"product_cat-ensembles","8":"first","9":"instock","10":"taxable","11":"shipping-taxable","12":"purchasable","13":"product-type-variable"},"acf":[],"jetpack_sharing_enabled":true,"_links":{"self":[{"href":"https:\/\/tartinadespunch.com\/en\/wp-json\/wp\/v2\/product\/1079","targetHints":{"allow":["GET"]}}],"collection":[{"href":"https:\/\/tartinadespunch.com\/en\/wp-json\/wp\/v2\/product"}],"about":[{"href":"https:\/\/tartinadespunch.com\/en\/wp-json\/wp\/v2\/types\/product"}],"replies":[{"embeddable":true,"href":"https:\/\/tartinadespunch.com\/en\/wp-json\/wp\/v2\/comments?post=1079"}],"wp:featuredmedia":[{"embeddable":true,"href":"https:\/\/tartinadespunch.com\/en\/wp-json\/wp\/v2\/media\/991"}],"wp:attachment":[{"href":"https:\/\/tartinadespunch.com\/en\/wp-json\/wp\/v2\/media?parent=1079"}],"wp:term":[{"taxonomy":"product_brand","embeddable":true,"href":"https:\/\/tartinadespunch.com\/en\/wp-json\/wp\/v2\/product_brand?post=1079"},{"taxonomy":"product_cat","embeddable":true,"href":"https:\/\/tartinadespunch.com\/en\/wp-json\/wp\/v2\/product_cat?post=1079"},{"taxonomy":"product_tag","embeddable":true,"href":"https:\/\/tartinadespunch.com\/en\/wp-json\/wp\/v2\/product_tag?post=1079"}],"curies":[{"name":"wp","href":"https:\/\/api.w.org\/{rel}","templated":true}]}}