{"id":1077,"date":"2023-05-21T11:49:50","date_gmt":"2023-05-21T15:49:50","guid":{"rendered":"https:\/\/tartinadespunch.com\/dev\/?post_type=product&#038;p=1077"},"modified":"2026-03-08T20:26:26","modified_gmt":"2026-03-09T01:26:26","slug":"lensemble-mere-nature","status":"publish","type":"product","link":"https:\/\/tartinadespunch.com\/en\/product\/lensemble-mere-nature\/","title":{"rendered":"Mother Nature\u2019s Set"},"content":{"rendered":"<div class=\"nectar-fancy-ul\" data-list-icon=\"dot\" data-animation=\"false\" data-animation-delay=\"0\" data-spacing=\"default\" data-alignment=\"left\">\n<p><span style=\"font-weight: 400;\">Ensemble M\u00e8re Nature : Pour des matin\u00e9es sucr\u00e9es<\/span><\/p>\n<ul>\n<li style=\"font-weight: 400;\" aria-level=\"1\"><span style=\"font-weight: 400;\">Strawberries and passion fruit<\/span><\/li>\n<li style=\"font-weight: 400;\" aria-level=\"1\"><span style=\"font-weight: 400;\">Redcurrant and mango<\/span><\/li>\n<li style=\"font-weight: 400;\" aria-level=\"1\"><span style=\"font-weight: 400;\">P\u00eache et pamplemousse rose<\/span><\/li>\n<\/ul>\n<p><span style=\"font-weight: 400;\">Le tout joliment pr\u00e9sent\u00e9 avec un emballage minimal et sans utilisation de plastique.<\/span><\/p>\n<p><span style=\"font-weight: 400;\">The base is $3 refundable.<\/span><\/p>\n<\/div>","protected":false},"excerpt":{"rendered":"<p>Ensemble M\u00e8re Nature : Pour des matin\u00e9es sucr\u00e9es Fraises et fruits de la passion Gadelles et mangue P\u00eache et pamplemousse rose Le tout joliment pr\u00e9sent\u00e9 avec un emballage minimal et sans utilisation de plastique. La base est de 3 $ remboursable.<\/p>","protected":false},"featured_media":983,"comment_status":"open","ping_status":"closed","template":"","meta":{"_acf_changed":false,"iawp_total_views":62},"product_brand":[],"product_cat":[22],"product_tag":[],"class_list":{"0":"post-1077","1":"product","2":"type-product","3":"status-publish","4":"has-post-thumbnail","6":"product_cat-ensembles","8":"first","9":"instock","10":"shipping-taxable","11":"purchasable","12":"product-type-simple"},"acf":[],"jetpack_sharing_enabled":true,"_links":{"self":[{"href":"https:\/\/tartinadespunch.com\/en\/wp-json\/wp\/v2\/product\/1077","targetHints":{"allow":["GET"]}}],"collection":[{"href":"https:\/\/tartinadespunch.com\/en\/wp-json\/wp\/v2\/product"}],"about":[{"href":"https:\/\/tartinadespunch.com\/en\/wp-json\/wp\/v2\/types\/product"}],"replies":[{"embeddable":true,"href":"https:\/\/tartinadespunch.com\/en\/wp-json\/wp\/v2\/comments?post=1077"}],"wp:featuredmedia":[{"embeddable":true,"href":"https:\/\/tartinadespunch.com\/en\/wp-json\/wp\/v2\/media\/983"}],"wp:attachment":[{"href":"https:\/\/tartinadespunch.com\/en\/wp-json\/wp\/v2\/media?parent=1077"}],"wp:term":[{"taxonomy":"product_brand","embeddable":true,"href":"https:\/\/tartinadespunch.com\/en\/wp-json\/wp\/v2\/product_brand?post=1077"},{"taxonomy":"product_cat","embeddable":true,"href":"https:\/\/tartinadespunch.com\/en\/wp-json\/wp\/v2\/product_cat?post=1077"},{"taxonomy":"product_tag","embeddable":true,"href":"https:\/\/tartinadespunch.com\/en\/wp-json\/wp\/v2\/product_tag?post=1077"}],"curies":[{"name":"wp","href":"https:\/\/api.w.org\/{rel}","templated":true}]}}