{"id":1076,"date":"2023-05-21T11:49:50","date_gmt":"2023-05-21T15:49:50","guid":{"rendered":"https:\/\/tartinadespunch.com\/dev\/?post_type=product&#038;p=1076"},"modified":"2026-03-08T20:29:51","modified_gmt":"2026-03-09T01:29:51","slug":"bien-ensemble","status":"publish","type":"product","link":"https:\/\/tartinadespunch.com\/en\/product\/bien-ensemble\/","title":{"rendered":"Happy Together Set"},"content":{"rendered":"<p><span style=\"font-weight: 400;\">Happy Together Set: let us love one another.<\/span><\/p>\n<ul>\n<li style=\"font-weight: 400;\" aria-level=\"1\"><span style=\"font-weight: 400;\">Cerises s\u00fbres<\/span><\/li>\n<li style=\"font-weight: 400;\" aria-level=\"1\"><span style=\"font-weight: 400;\">Grape-cranberry<\/span><\/li>\n<li style=\"font-weight: 400;\" aria-level=\"1\"><span style=\"font-weight: 400;\">P\u00eache et pamplemousse rose<\/span><\/li>\n<\/ul>\n<p><span style=\"font-weight: 400;\">Le tout joliment pr\u00e9sent\u00e9 avec un emballage minimal et sans utilisation de plastique.<\/span><\/p>\n<p><span style=\"font-weight: 400;\">La base en forme de c\u0153ur est remboursable de 3 $.<\/span><\/p>","protected":false},"excerpt":{"rendered":"<p>Bien ensemble : aimons-nous les uns les autres. Cerises s\u00fbres Raisin-canneberge P\u00eache et pamplemousse rose Le tout joliment pr\u00e9sent\u00e9 avec un emballage minimal et sans utilisation de plastique. La base en forme de c\u0153ur est remboursable de 3 $.<\/p>","protected":false},"featured_media":979,"comment_status":"open","ping_status":"closed","template":"","meta":{"_acf_changed":false,"iawp_total_views":39},"product_brand":[],"product_cat":[22],"product_tag":[],"class_list":{"0":"post-1076","1":"product","2":"type-product","3":"status-publish","4":"has-post-thumbnail","6":"product_cat-ensembles","8":"first","9":"instock","10":"sale","11":"shipping-taxable","12":"purchasable","13":"product-type-simple"},"acf":[],"jetpack_sharing_enabled":true,"_links":{"self":[{"href":"https:\/\/tartinadespunch.com\/en\/wp-json\/wp\/v2\/product\/1076","targetHints":{"allow":["GET"]}}],"collection":[{"href":"https:\/\/tartinadespunch.com\/en\/wp-json\/wp\/v2\/product"}],"about":[{"href":"https:\/\/tartinadespunch.com\/en\/wp-json\/wp\/v2\/types\/product"}],"replies":[{"embeddable":true,"href":"https:\/\/tartinadespunch.com\/en\/wp-json\/wp\/v2\/comments?post=1076"}],"wp:featuredmedia":[{"embeddable":true,"href":"https:\/\/tartinadespunch.com\/en\/wp-json\/wp\/v2\/media\/979"}],"wp:attachment":[{"href":"https:\/\/tartinadespunch.com\/en\/wp-json\/wp\/v2\/media?parent=1076"}],"wp:term":[{"taxonomy":"product_brand","embeddable":true,"href":"https:\/\/tartinadespunch.com\/en\/wp-json\/wp\/v2\/product_brand?post=1076"},{"taxonomy":"product_cat","embeddable":true,"href":"https:\/\/tartinadespunch.com\/en\/wp-json\/wp\/v2\/product_cat?post=1076"},{"taxonomy":"product_tag","embeddable":true,"href":"https:\/\/tartinadespunch.com\/en\/wp-json\/wp\/v2\/product_tag?post=1076"}],"curies":[{"name":"wp","href":"https:\/\/api.w.org\/{rel}","templated":true}]}}