{"id":1075,"date":"2023-05-21T11:49:50","date_gmt":"2023-05-21T15:49:50","guid":{"rendered":"https:\/\/tartinadespunch.com\/dev\/?post_type=product&#038;p=1075"},"modified":"2026-03-08T20:27:56","modified_gmt":"2026-03-09T01:27:56","slug":"ensemble-folie-dagrumes","status":"publish","type":"product","link":"https:\/\/tartinadespunch.com\/en\/product\/ensemble-folie-dagrumes\/","title":{"rendered":"Crazy for Citrus Set"},"content":{"rendered":"<p><span style=\"font-weight: 400;\">Ensemble d\u2019agrumes : ne cherchez pas l\u2019amertume !<\/span><\/p>\n<ul>\n<li style=\"font-weight: 400;\" aria-level=\"1\"><span style=\"font-weight: 400;\">Marmelade de cl\u00e9mentines<\/span><\/li>\n<li style=\"font-weight: 400;\" aria-level=\"1\"><span style=\"font-weight: 400;\">Lemon-Vanilla Marmalade<\/span><\/li>\n<li style=\"font-weight: 400;\" aria-level=\"1\"><span style=\"font-weight: 400;\">Lime, pear and basil spread<\/span><\/li>\n<\/ul>\n<p><span style=\"font-weight: 400;\">Le tout joliment pr\u00e9sent\u00e9 avec un emballage minimal et sans utilisation de plastique.<\/span><\/p>\n<p><span style=\"font-weight: 400;\">The base is $3 refundable.<\/span><\/p>","protected":false},"excerpt":{"rendered":"<p>Ensemble d\u2019agrumes : ne cherchez pas l\u2019amertume ! Marmelade de cl\u00e9mentines Marmelade Citron-Vanille Tartinade de lime, poire et basilic Le tout joliment pr\u00e9sent\u00e9 avec un emballage minimal et sans utilisation de plastique. La base est de 3 $ remboursable.<\/p>","protected":false},"featured_media":975,"comment_status":"open","ping_status":"closed","template":"","meta":{"_acf_changed":false,"iawp_total_views":45},"product_brand":[],"product_cat":[22],"product_tag":[],"class_list":{"0":"post-1075","1":"product","2":"type-product","3":"status-publish","4":"has-post-thumbnail","6":"product_cat-ensembles","8":"first","9":"instock","10":"sale","11":"shipping-taxable","12":"purchasable","13":"product-type-simple"},"acf":[],"jetpack_sharing_enabled":true,"_links":{"self":[{"href":"https:\/\/tartinadespunch.com\/en\/wp-json\/wp\/v2\/product\/1075","targetHints":{"allow":["GET"]}}],"collection":[{"href":"https:\/\/tartinadespunch.com\/en\/wp-json\/wp\/v2\/product"}],"about":[{"href":"https:\/\/tartinadespunch.com\/en\/wp-json\/wp\/v2\/types\/product"}],"replies":[{"embeddable":true,"href":"https:\/\/tartinadespunch.com\/en\/wp-json\/wp\/v2\/comments?post=1075"}],"wp:featuredmedia":[{"embeddable":true,"href":"https:\/\/tartinadespunch.com\/en\/wp-json\/wp\/v2\/media\/975"}],"wp:attachment":[{"href":"https:\/\/tartinadespunch.com\/en\/wp-json\/wp\/v2\/media?parent=1075"}],"wp:term":[{"taxonomy":"product_brand","embeddable":true,"href":"https:\/\/tartinadespunch.com\/en\/wp-json\/wp\/v2\/product_brand?post=1075"},{"taxonomy":"product_cat","embeddable":true,"href":"https:\/\/tartinadespunch.com\/en\/wp-json\/wp\/v2\/product_cat?post=1075"},{"taxonomy":"product_tag","embeddable":true,"href":"https:\/\/tartinadespunch.com\/en\/wp-json\/wp\/v2\/product_tag?post=1075"}],"curies":[{"name":"wp","href":"https:\/\/api.w.org\/{rel}","templated":true}]}}