{"id":1072,"date":"2024-05-21T11:49:47","date_gmt":"2024-05-21T15:49:47","guid":{"rendered":"https:\/\/tartinadespunch.com\/dev\/?post_type=product&#038;p=1072"},"modified":"2026-05-06T21:59:43","modified_gmt":"2026-05-07T02:59:43","slug":"tartinade-peche-et-pamplemousse-rose","status":"publish","type":"product","link":"https:\/\/tartinadespunch.com\/en\/product\/tartinade-peche-et-pamplemousse-rose\/","title":{"rendered":"Tartinade biologique p\u00eache et pamplemousse rose"},"content":{"rendered":"<p><span style=\"font-weight: 400;\">What could be more enticing than a succulent, perfectly ripe peach? It waltzes with the bitterness of pink grapefruit to create a stunning aromatic ensemble.<\/span><\/p>\n<p><i><span style=\"font-weight: 400;\">Louis-Jacques Bleau, Les Cavistes-WineSpectator Award Sommelier since 2014, describes this spread as follows<\/span><\/i><\/p>\n<p><i><span style=\"font-weight: 400;\">Powerful nose mostly carried on the peach where the grapefruit is rather discreet. Be patient\u2026 !<\/span><\/i><\/p>\n<p><i><span style=\"font-weight: 400;\">On the palate the peach flesh and grapefruit peel give a jam that \u201cpunches\u201d in flavor and texture. The peach reigns in the foreground and the grapefruit takes its place at the end of the mouth and creates a harmony, sweet, acid and bitter. The finish is carried by subtle aromas of grapefruit while elegant and discreet!<\/span><\/i><\/p>\n<p><i><span style=\"font-weight: 400;\">The jam is perfect to brighten up your morning! Its vibrant side and its finish on the nervousness of the grapefruit acidity are perfect to wake you up!<\/span><\/i><\/p>\n<p><b><i>Serving suggestion: challah bread or a giant pretzel<\/i><\/b><\/p>\n<p>&nbsp;<\/p>","protected":false},"excerpt":{"rendered":"<p>Quoi de plus all\u00e9chant qu\u2019une p\u00eache succulente et parfaitement m\u00fbre ? Il valse avec l\u2019amertume du pamplemousse rose pour cr\u00e9er un ensemble aromatique \u00e9poustouflant. Louis-Jacques Bleu, Sommelier Les Cavistes-Wine Spectator Award depuis 2014, d\u00e9crit ainsi cette tartinade Nez puissant port\u00e9 essentiellement sur la plage o\u00f9 le pamplemousse se fait plut\u00f4t discret. Sois patient\u2026 ! En [&hellip;]<\/p>\n","protected":false},"featured_media":1610,"comment_status":"open","ping_status":"closed","template":"","meta":{"_acf_changed":false,"iawp_total_views":274},"product_brand":[],"product_cat":[23],"product_tag":[],"class_list":{"0":"post-1072","1":"product","2":"type-product","3":"status-publish","4":"has-post-thumbnail","6":"product_cat-tartinades","8":"first","9":"instock","10":"sale","11":"shipping-taxable","12":"purchasable","13":"product-type-variable"},"acf":[],"jetpack_sharing_enabled":true,"_links":{"self":[{"href":"https:\/\/tartinadespunch.com\/en\/wp-json\/wp\/v2\/product\/1072","targetHints":{"allow":["GET"]}}],"collection":[{"href":"https:\/\/tartinadespunch.com\/en\/wp-json\/wp\/v2\/product"}],"about":[{"href":"https:\/\/tartinadespunch.com\/en\/wp-json\/wp\/v2\/types\/product"}],"replies":[{"embeddable":true,"href":"https:\/\/tartinadespunch.com\/en\/wp-json\/wp\/v2\/comments?post=1072"}],"wp:featuredmedia":[{"embeddable":true,"href":"https:\/\/tartinadespunch.com\/en\/wp-json\/wp\/v2\/media\/1610"}],"wp:attachment":[{"href":"https:\/\/tartinadespunch.com\/en\/wp-json\/wp\/v2\/media?parent=1072"}],"wp:term":[{"taxonomy":"product_brand","embeddable":true,"href":"https:\/\/tartinadespunch.com\/en\/wp-json\/wp\/v2\/product_brand?post=1072"},{"taxonomy":"product_cat","embeddable":true,"href":"https:\/\/tartinadespunch.com\/en\/wp-json\/wp\/v2\/product_cat?post=1072"},{"taxonomy":"product_tag","embeddable":true,"href":"https:\/\/tartinadespunch.com\/en\/wp-json\/wp\/v2\/product_tag?post=1072"}],"curies":[{"name":"wp","href":"https:\/\/api.w.org\/{rel}","templated":true}]}}