{"id":1069,"date":"2025-05-21T11:49:46","date_gmt":"2025-05-21T15:49:46","guid":{"rendered":"https:\/\/tartinadespunch.com\/dev\/?post_type=product&#038;p=1069"},"modified":"2026-03-05T16:20:06","modified_gmt":"2026-03-05T21:20:06","slug":"tartinade-biologique-de-bleuets-sauvages-et-grenade","status":"publish","type":"product","link":"https:\/\/tartinadespunch.com\/en\/product\/tartinade-biologique-de-bleuets-sauvages-et-grenade\/","title":{"rendered":"Organic Wild Blueberry and Pomegranate Spread"},"content":{"rendered":"<p><span style=\"font-weight: 400;\">Une explosion de saveurs et d\u2019antioxydants dans cette tartinade aux bleuets sauvages et \u00e0 la grenade. La douceur du fruit permet une tr\u00e8s faible teneur en sucre (Brix 40). Revisitez un grand classique nordique, incontournable dans notre r\u00e9gion.<\/span><\/p>\n<p><span style=\"font-weight: 400;\">Note de d\u00e9gustation de Louis-Jacques Bleu, sommelier aux Cavistes-Wine Spectator Award depuis 2014 :<\/span><\/p>\n<p><i><span style=\"font-weight: 400;\">Ar\u00f4me de myrtilles confites au nez.<\/span><\/i><\/p>\n<p><i><span style=\"font-weight: 400;\">En bouche les petites myrtilles sauvages encore presque intactes, explosent de saveur et donnent de la texture \u00e0 la tartinade.<\/span><\/i><\/p>\n<p><i><span style=\"font-weight: 400;\">La grenade agit dans l\u2019ombre sur le plan aromatique, mais agit comme un pr\u00e9curseur aromatique de la myrtille et ajoute de la longueur en bouche. Cela donne \u00e9galement \u00e0 la myrtille un go\u00fbt plus propre et frais.<\/span><\/i><\/p>\n<p><b><i>Accord sugg\u00e9r\u00e9 : bagel fra\u00eechement sorti du four et fromage \u00e0 la cr\u00e8me (pas indispensable mais fortement recommand\u00e9)<\/i><\/b><\/p>","protected":false},"excerpt":{"rendered":"<p>Une explosion de saveurs et d\u2019antioxydants dans cette tartinade aux bleuets sauvages et \u00e0 la grenade. La douceur du fruit permet une tr\u00e8s faible teneur en sucre (Brix 40). Revisitez un grand classique nordique, incontournable dans notre r\u00e9gion. Note de d\u00e9gustation de Louis-Jacques Bleu, sommelier aux Cavistes-Wine Spectator Award depuis 2014 : Ar\u00f4me de myrtilles [&hellip;]<\/p>\n","protected":false},"featured_media":1983,"comment_status":"open","ping_status":"closed","template":"","meta":{"_acf_changed":false,"iawp_total_views":156},"product_brand":[],"product_cat":[23],"product_tag":[],"class_list":{"0":"post-1069","1":"product","2":"type-product","3":"status-publish","4":"has-post-thumbnail","6":"product_cat-tartinades","8":"first","9":"instock","10":"sale","11":"featured","12":"shipping-taxable","13":"purchasable","14":"product-type-variable"},"acf":[],"jetpack_sharing_enabled":true,"_links":{"self":[{"href":"https:\/\/tartinadespunch.com\/en\/wp-json\/wp\/v2\/product\/1069","targetHints":{"allow":["GET"]}}],"collection":[{"href":"https:\/\/tartinadespunch.com\/en\/wp-json\/wp\/v2\/product"}],"about":[{"href":"https:\/\/tartinadespunch.com\/en\/wp-json\/wp\/v2\/types\/product"}],"replies":[{"embeddable":true,"href":"https:\/\/tartinadespunch.com\/en\/wp-json\/wp\/v2\/comments?post=1069"}],"wp:featuredmedia":[{"embeddable":true,"href":"https:\/\/tartinadespunch.com\/en\/wp-json\/wp\/v2\/media\/1983"}],"wp:attachment":[{"href":"https:\/\/tartinadespunch.com\/en\/wp-json\/wp\/v2\/media?parent=1069"}],"wp:term":[{"taxonomy":"product_brand","embeddable":true,"href":"https:\/\/tartinadespunch.com\/en\/wp-json\/wp\/v2\/product_brand?post=1069"},{"taxonomy":"product_cat","embeddable":true,"href":"https:\/\/tartinadespunch.com\/en\/wp-json\/wp\/v2\/product_cat?post=1069"},{"taxonomy":"product_tag","embeddable":true,"href":"https:\/\/tartinadespunch.com\/en\/wp-json\/wp\/v2\/product_tag?post=1069"}],"curies":[{"name":"wp","href":"https:\/\/api.w.org\/{rel}","templated":true}]}}