{"id":1066,"date":"2025-05-21T11:49:46","date_gmt":"2025-05-21T15:49:46","guid":{"rendered":"https:\/\/tartinadespunch.com\/dev\/?post_type=product&#038;p=1066"},"modified":"2026-03-05T16:21:09","modified_gmt":"2026-03-05T21:21:09","slug":"tartinade-biologique-de-fraises-et-fruit-de-la-passion","status":"publish","type":"product","link":"https:\/\/tartinadespunch.com\/en\/product\/tartinade-biologique-de-fraises-et-fruit-de-la-passion\/","title":{"rendered":"Organic Strawberry and Passion Fruit Spread"},"content":{"rendered":"<p><span style=\"font-weight: 400;\">Ah, what an exquisite fruit the strawberry is! Strawberry jam is a popular choice, but the sugar makes it go flat. The addition of passion fruit gives it back the freshness of beautiful summer days.<\/span><\/p>\n<p><span style=\"font-weight: 400;\">Louis-Jacques Bleau, Les Cavistes-WineSpectator Award Sommelier since 2014, describes this spread as follows<\/span><\/p>\n<p><i><span style=\"font-weight: 400;\">Clear nose of passion fruit with subtle aromas of strawberries.<\/span><\/i><\/p>\n<p><i><span style=\"font-weight: 400;\">In the mouth it is the opposite, the passion fruit gives its place to the strawberry and is not too far behind. It is there to support it and gives a length in mouth to the flavor of the strawberry.<\/span><\/i><\/p>\n<p><i><span style=\"font-weight: 400;\">The jam has a very nice length in the mouth and the passion fruit overtakes the strawberry flavor in time at the end. It seems as if the two fruits are in a relay race.<\/span><\/i><\/p>\n<p><b><i>Suggested pairing : A still warm baguette<\/i><\/b><\/p>\n<p>&nbsp;<\/p>","protected":false},"excerpt":{"rendered":"<p>Ah, quel fruit exquis la fraise est ! La confiture de fraises est un choix populaire, mais le sucre la rend plate. L\u2019ajout de fruit de la passion lui redonne la fra\u00eecheur des belles journ\u00e9es d\u2019\u00e9t\u00e9. Louis-Jacques Bleu, Sommelier Les Cavistes-Wine Spectator Award depuis 2014, d\u00e9crit ainsi cette tartinade : Nez net de fruit de [&hellip;]<\/p>\n","protected":false},"featured_media":1976,"comment_status":"open","ping_status":"closed","template":"","meta":{"_acf_changed":false,"iawp_total_views":186},"product_brand":[],"product_cat":[23],"product_tag":[],"class_list":{"0":"post-1066","1":"product","2":"type-product","3":"status-publish","4":"has-post-thumbnail","6":"product_cat-tartinades","8":"first","9":"instock","10":"sale","11":"shipping-taxable","12":"purchasable","13":"product-type-variable"},"acf":[],"jetpack_sharing_enabled":true,"_links":{"self":[{"href":"https:\/\/tartinadespunch.com\/en\/wp-json\/wp\/v2\/product\/1066","targetHints":{"allow":["GET"]}}],"collection":[{"href":"https:\/\/tartinadespunch.com\/en\/wp-json\/wp\/v2\/product"}],"about":[{"href":"https:\/\/tartinadespunch.com\/en\/wp-json\/wp\/v2\/types\/product"}],"replies":[{"embeddable":true,"href":"https:\/\/tartinadespunch.com\/en\/wp-json\/wp\/v2\/comments?post=1066"}],"wp:featuredmedia":[{"embeddable":true,"href":"https:\/\/tartinadespunch.com\/en\/wp-json\/wp\/v2\/media\/1976"}],"wp:attachment":[{"href":"https:\/\/tartinadespunch.com\/en\/wp-json\/wp\/v2\/media?parent=1066"}],"wp:term":[{"taxonomy":"product_brand","embeddable":true,"href":"https:\/\/tartinadespunch.com\/en\/wp-json\/wp\/v2\/product_brand?post=1066"},{"taxonomy":"product_cat","embeddable":true,"href":"https:\/\/tartinadespunch.com\/en\/wp-json\/wp\/v2\/product_cat?post=1066"},{"taxonomy":"product_tag","embeddable":true,"href":"https:\/\/tartinadespunch.com\/en\/wp-json\/wp\/v2\/product_tag?post=1066"}],"curies":[{"name":"wp","href":"https:\/\/api.w.org\/{rel}","templated":true}]}}