{"id":1063,"date":"2025-05-21T11:49:46","date_gmt":"2025-05-21T15:49:46","guid":{"rendered":"https:\/\/tartinadespunch.com\/dev\/?post_type=product&#038;p=1063"},"modified":"2026-03-05T16:22:20","modified_gmt":"2026-03-05T21:22:20","slug":"tartinade-biologique-de-gadelle-et-mangue","status":"publish","type":"product","link":"https:\/\/tartinadespunch.com\/en\/product\/tartinade-biologique-de-gadelle-et-mangue\/","title":{"rendered":"Organic Redcurrant and Mango Spread"},"content":{"rendered":"<p><span style=\"font-weight: 400;\">Le ying et le yang du fruit, la gadelle piquante, bois\u00e9e et percutante rencontrent la mangue douce, pulpeuse et rassasiante. Une touche de kumbawa pour ajouter un peu plus d\u2019exotisme \u00e0 ce produit qui s\u00e9duira les plus t\u00e9m\u00e9raires.<\/span><\/p>","protected":false},"excerpt":{"rendered":"<p>Le ying et le yang du fruit, la gadelle piquante, bois\u00e9e et percutante rencontrent la mangue douce, pulpeuse et rassasiante. Une touche de kumbawa pour ajouter un peu plus d\u2019exotisme \u00e0 ce produit qui s\u00e9duira les plus t\u00e9m\u00e9raires.<\/p>","protected":false},"featured_media":1980,"comment_status":"open","ping_status":"closed","template":"","meta":{"_acf_changed":false,"iawp_total_views":87},"product_brand":[],"product_cat":[23],"product_tag":[],"class_list":{"0":"post-1063","1":"product","2":"type-product","3":"status-publish","4":"has-post-thumbnail","6":"product_cat-tartinades","8":"first","9":"instock","10":"sale","11":"shipping-taxable","12":"purchasable","13":"product-type-variable"},"acf":[],"jetpack_sharing_enabled":true,"_links":{"self":[{"href":"https:\/\/tartinadespunch.com\/en\/wp-json\/wp\/v2\/product\/1063","targetHints":{"allow":["GET"]}}],"collection":[{"href":"https:\/\/tartinadespunch.com\/en\/wp-json\/wp\/v2\/product"}],"about":[{"href":"https:\/\/tartinadespunch.com\/en\/wp-json\/wp\/v2\/types\/product"}],"replies":[{"embeddable":true,"href":"https:\/\/tartinadespunch.com\/en\/wp-json\/wp\/v2\/comments?post=1063"}],"wp:featuredmedia":[{"embeddable":true,"href":"https:\/\/tartinadespunch.com\/en\/wp-json\/wp\/v2\/media\/1980"}],"wp:attachment":[{"href":"https:\/\/tartinadespunch.com\/en\/wp-json\/wp\/v2\/media?parent=1063"}],"wp:term":[{"taxonomy":"product_brand","embeddable":true,"href":"https:\/\/tartinadespunch.com\/en\/wp-json\/wp\/v2\/product_brand?post=1063"},{"taxonomy":"product_cat","embeddable":true,"href":"https:\/\/tartinadespunch.com\/en\/wp-json\/wp\/v2\/product_cat?post=1063"},{"taxonomy":"product_tag","embeddable":true,"href":"https:\/\/tartinadespunch.com\/en\/wp-json\/wp\/v2\/product_tag?post=1063"}],"curies":[{"name":"wp","href":"https:\/\/api.w.org\/{rel}","templated":true}]}}