{"id":1060,"date":"2025-05-21T11:49:46","date_gmt":"2025-05-21T15:49:46","guid":{"rendered":"https:\/\/tartinadespunch.com\/dev\/?post_type=product&#038;p=1060"},"modified":"2026-03-05T16:24:21","modified_gmt":"2026-03-05T21:24:21","slug":"tartinade-biologique-de-framboises-et-doranges-sanguines","status":"publish","type":"product","link":"https:\/\/tartinadespunch.com\/en\/product\/tartinade-biologique-de-framboises-et-doranges-sanguines\/","title":{"rendered":"Organic Raspberry and Blood Orange Spread"},"content":{"rendered":"<p><span style=\"font-weight: 400;\">What a great pairing these raspberries and blood oranges are! The color, texture and taste will blow you away. A great classic successfully revisited.<\/span><\/p>\n<p><span style=\"font-weight: 400;\">Louis-Jacques Bleau, Les Cavistes-WineSpectator Award Sommelier since 2014, describes this spread as follows<\/span><\/p>\n<p><i><span style=\"font-weight: 400;\">Powerful nose of freshly harvested field raspberries on a hot day in late July.<\/span><\/i><\/p>\n<p><i><span style=\"font-weight: 400;\">A mention must be made about the beautiful color of this spread, we eat with our eyes too after all!<\/span><\/i><\/p>\n<p><i><span style=\"font-weight: 400;\">In the mouth it is an explosion of raspberry flavor delicately supported by the acidity of the blood orange.<\/span><\/i><\/p>\n<p><i><span style=\"font-weight: 400;\">Like all good raspberry jams, the texture and the crunch of the little seeds add a very interesting dimension to the taste!<\/span><\/i><\/p>\n<p><b><i>Suggestion for pairing: pure butter croissant.<\/i><\/b><\/p>\n<p>&nbsp;<\/p>","protected":false},"excerpt":{"rendered":"<p>Quel bel accord ces framboises et ces oranges sanguines ! La couleur, la texture et le go\u00fbt vous \u00e9pateront. Un grand classique revisit\u00e9 avec succ\u00e8s. Louis-Jacques Bleu, Sommelier Les Cavistes-Wine Spectator Award depuis 2014, d\u00e9crit ainsi cette tartinade : Nez puissant de framboises des champs fraichement r\u00e9colt\u00e9es par une chaude journ\u00e9e de fin juillet. Il [&hellip;]<\/p>\n","protected":false},"featured_media":1978,"comment_status":"open","ping_status":"closed","template":"","meta":{"_acf_changed":false,"iawp_total_views":152},"product_brand":[],"product_cat":[23],"product_tag":[],"class_list":{"0":"post-1060","1":"product","2":"type-product","3":"status-publish","4":"has-post-thumbnail","6":"product_cat-tartinades","8":"first","9":"instock","10":"featured","11":"shipping-taxable","12":"purchasable","13":"product-type-variable"},"acf":[],"jetpack_sharing_enabled":true,"_links":{"self":[{"href":"https:\/\/tartinadespunch.com\/en\/wp-json\/wp\/v2\/product\/1060","targetHints":{"allow":["GET"]}}],"collection":[{"href":"https:\/\/tartinadespunch.com\/en\/wp-json\/wp\/v2\/product"}],"about":[{"href":"https:\/\/tartinadespunch.com\/en\/wp-json\/wp\/v2\/types\/product"}],"replies":[{"embeddable":true,"href":"https:\/\/tartinadespunch.com\/en\/wp-json\/wp\/v2\/comments?post=1060"}],"wp:featuredmedia":[{"embeddable":true,"href":"https:\/\/tartinadespunch.com\/en\/wp-json\/wp\/v2\/media\/1978"}],"wp:attachment":[{"href":"https:\/\/tartinadespunch.com\/en\/wp-json\/wp\/v2\/media?parent=1060"}],"wp:term":[{"taxonomy":"product_brand","embeddable":true,"href":"https:\/\/tartinadespunch.com\/en\/wp-json\/wp\/v2\/product_brand?post=1060"},{"taxonomy":"product_cat","embeddable":true,"href":"https:\/\/tartinadespunch.com\/en\/wp-json\/wp\/v2\/product_cat?post=1060"},{"taxonomy":"product_tag","embeddable":true,"href":"https:\/\/tartinadespunch.com\/en\/wp-json\/wp\/v2\/product_tag?post=1060"}],"curies":[{"name":"wp","href":"https:\/\/api.w.org\/{rel}","templated":true}]}}