{"id":1057,"date":"2025-05-21T11:49:46","date_gmt":"2025-05-21T15:49:46","guid":{"rendered":"https:\/\/tartinadespunch.com\/dev\/?post_type=product&#038;p=1057"},"modified":"2026-05-06T21:56:37","modified_gmt":"2026-05-07T02:56:37","slug":"tartinade-biologique-de-lime-poire-et-basilic","status":"publish","type":"product","link":"https:\/\/tartinadespunch.com\/en\/product\/tartinade-biologique-de-lime-poire-et-basilic\/","title":{"rendered":"Organic Lime, Pear and Basil Spread"},"content":{"rendered":"<p><span style=\"font-weight: 400;\">This trio of flavours is breathtaking! The lime takes up all the room you want to give it, which is why this spread is so generous with pears. And the basil adds a touch of refinement to the divine spread.<\/span><\/p>\n<p><i><span style=\"font-weight: 400;\">Louis-Jacques Bleau, Les Cavistes-WineSpectator Award Sommelier since 2014, describes this spread as follows<\/span><\/i><\/p>\n<p><i><span style=\"font-weight: 400;\">The nose is moderately aromatic, with notes of slightly oxidized ripe pear and a subtle vegetal undertone.<\/span><\/i><\/p>\n<p><i><span style=\"font-weight: 400;\">In the mouth the attack is led by the aromatic power of lime and the sweetness of pear.<\/span><\/i><\/p>\n<p><i><span style=\"font-weight: 400;\">The basil aroma is rather discreet, but brings a unique dimension and creates a perfect balance between acidity and sweetness. The lime peel adds chewiness and a pleasant texture.<\/span><\/i><\/p>\n<p><i><span style=\"font-weight: 400;\">The jam is long in the mouth. The finish has citrus peel bitters and the liveliness of the lime that makes you want to spread more<\/span><\/i><\/p>\n<p><b><i>Suggested pairing: zucchini cake.<\/i><\/b><\/p>\n<p>&nbsp;<\/p>","protected":false},"excerpt":{"rendered":"<p>Ce trio de saveurs est \u00e0 couper le souffle ! Le citron vert prend toute la place que l\u2019on souhaite lui donner, c\u2019est pourquoi cette tartinade est si g\u00e9n\u00e9reuse avec les poires. Et le basilic ajoute une touche de raffinement \u00e0 cette divine tartinade. Louis-Jacques Bleu, Sommelier Les Cavistes-Wine Spectator Award depuis 2014, d\u00e9crit ainsi [&hellip;]<\/p>\n","protected":false},"featured_media":1982,"comment_status":"open","ping_status":"closed","template":"","meta":{"_acf_changed":false,"iawp_total_views":169},"product_brand":[],"product_cat":[23],"product_tag":[],"class_list":{"0":"post-1057","1":"product","2":"type-product","3":"status-publish","4":"has-post-thumbnail","6":"product_cat-tartinades","8":"first","9":"instock","10":"sale","11":"featured","12":"shipping-taxable","13":"purchasable","14":"product-type-variable"},"acf":[],"jetpack_sharing_enabled":true,"_links":{"self":[{"href":"https:\/\/tartinadespunch.com\/en\/wp-json\/wp\/v2\/product\/1057","targetHints":{"allow":["GET"]}}],"collection":[{"href":"https:\/\/tartinadespunch.com\/en\/wp-json\/wp\/v2\/product"}],"about":[{"href":"https:\/\/tartinadespunch.com\/en\/wp-json\/wp\/v2\/types\/product"}],"replies":[{"embeddable":true,"href":"https:\/\/tartinadespunch.com\/en\/wp-json\/wp\/v2\/comments?post=1057"}],"wp:featuredmedia":[{"embeddable":true,"href":"https:\/\/tartinadespunch.com\/en\/wp-json\/wp\/v2\/media\/1982"}],"wp:attachment":[{"href":"https:\/\/tartinadespunch.com\/en\/wp-json\/wp\/v2\/media?parent=1057"}],"wp:term":[{"taxonomy":"product_brand","embeddable":true,"href":"https:\/\/tartinadespunch.com\/en\/wp-json\/wp\/v2\/product_brand?post=1057"},{"taxonomy":"product_cat","embeddable":true,"href":"https:\/\/tartinadespunch.com\/en\/wp-json\/wp\/v2\/product_cat?post=1057"},{"taxonomy":"product_tag","embeddable":true,"href":"https:\/\/tartinadespunch.com\/en\/wp-json\/wp\/v2\/product_tag?post=1057"}],"curies":[{"name":"wp","href":"https:\/\/api.w.org\/{rel}","templated":true}]}}