{"id":1051,"date":"2024-05-21T11:49:45","date_gmt":"2024-05-21T15:49:45","guid":{"rendered":"https:\/\/tartinadespunch.com\/dev\/?post_type=product&#038;p=1051"},"modified":"2026-03-30T21:20:22","modified_gmt":"2026-03-31T02:20:22","slug":"tartinade-biologique-de-raisin-et-canneberges","status":"publish","type":"product","link":"https:\/\/tartinadespunch.com\/en\/product\/tartinade-biologique-de-raisin-et-canneberges\/","title":{"rendered":"Organic Grape and Cranberry Spread"},"content":{"rendered":"<p><span style=\"font-weight: 400;\">Les raisins bleus sont utilis\u00e9s dans cette p\u00e2te \u00e0 tartiner pour leur puissance aromatique, compl\u00e9t\u00e9e par l\u2019amertume de la canneberge. Ce n\u2019est pas une gel\u00e9e : le tout est broy\u00e9 pour la rendre soyeuse. Un vrai d\u00e9lice !<\/span><\/p>\n<p><span style=\"font-weight: 400;\">Louis-Jacques Bleu, Sommelier Les Cavistes-Wine Spectator Award depuis 2014, d\u00e9crit ainsi cette tartinade :<\/span><\/p>\n<p><i><span style=\"font-weight: 400;\">Nez de raisin tr\u00e8s rac\u00e9, avec de subtiles notes d\u2019atoka en conserve.<\/span><\/i><\/p>\n<p><i><span style=\"font-weight: 400;\">En bouche, tout est \u00e9l\u00e9gance et d\u00e9licatesse. Le sucre du raisin et l\u2019amertume de la canneberge, s\u2019harmonisent parfaitement! On per\u00e7oit encore la pulpe et la peau du fruit qui donne une texture tr\u00e8s onctueuse en bouche.<\/span><\/i><\/p>\n<p><i><span style=\"font-weight: 400;\">La confiture pr\u00e9sente une touche finale d\u2019acidit\u00e9 et la douce amertume du fruit. La peau du raisin laisse une impression de tanins velout\u00e9s sur la langue ! A d\u00e9guster sans retenue.<\/span><\/i><\/p>\n<p><b><i>Accord sugg\u00e9r\u00e9 : palmier ou chouquette.<\/i><\/b><\/p>\n<p>&nbsp;<\/p>","protected":false},"excerpt":{"rendered":"<p>Les raisins bleus sont utilis\u00e9s dans cette p\u00e2te \u00e0 tartiner pour leur puissance aromatique, compl\u00e9t\u00e9e par l\u2019amertume de la canneberge. Ce n\u2019est pas une gel\u00e9e : le tout est broy\u00e9 pour la rendre soyeuse. Un vrai d\u00e9lice ! Louis-Jacques Bleu, Sommelier Les Cavistes-Wine Spectator Award depuis 2014, d\u00e9crit ainsi cette tartinade : Nez de raisin [&hellip;]<\/p>\n","protected":false},"featured_media":938,"comment_status":"open","ping_status":"closed","template":"","meta":{"_acf_changed":false,"iawp_total_views":32},"product_brand":[],"product_cat":[23],"product_tag":[],"class_list":{"0":"post-1051","1":"product","2":"type-product","3":"status-publish","4":"has-post-thumbnail","6":"product_cat-tartinades","8":"first","9":"instock","10":"sale","11":"shipping-taxable","12":"purchasable","13":"product-type-variable"},"acf":[],"jetpack_sharing_enabled":true,"_links":{"self":[{"href":"https:\/\/tartinadespunch.com\/en\/wp-json\/wp\/v2\/product\/1051","targetHints":{"allow":["GET"]}}],"collection":[{"href":"https:\/\/tartinadespunch.com\/en\/wp-json\/wp\/v2\/product"}],"about":[{"href":"https:\/\/tartinadespunch.com\/en\/wp-json\/wp\/v2\/types\/product"}],"replies":[{"embeddable":true,"href":"https:\/\/tartinadespunch.com\/en\/wp-json\/wp\/v2\/comments?post=1051"}],"wp:featuredmedia":[{"embeddable":true,"href":"https:\/\/tartinadespunch.com\/en\/wp-json\/wp\/v2\/media\/938"}],"wp:attachment":[{"href":"https:\/\/tartinadespunch.com\/en\/wp-json\/wp\/v2\/media?parent=1051"}],"wp:term":[{"taxonomy":"product_brand","embeddable":true,"href":"https:\/\/tartinadespunch.com\/en\/wp-json\/wp\/v2\/product_brand?post=1051"},{"taxonomy":"product_cat","embeddable":true,"href":"https:\/\/tartinadespunch.com\/en\/wp-json\/wp\/v2\/product_cat?post=1051"},{"taxonomy":"product_tag","embeddable":true,"href":"https:\/\/tartinadespunch.com\/en\/wp-json\/wp\/v2\/product_tag?post=1051"}],"curies":[{"name":"wp","href":"https:\/\/api.w.org\/{rel}","templated":true}]}}