{"id":1048,"date":"2025-05-21T11:49:45","date_gmt":"2025-05-21T15:49:45","guid":{"rendered":"https:\/\/tartinadespunch.com\/dev\/?post_type=product&#038;p=1048"},"modified":"2026-03-05T16:26:21","modified_gmt":"2026-03-05T21:26:21","slug":"marmelade-biologique-de-clementines","status":"publish","type":"product","link":"https:\/\/tartinadespunch.com\/en\/product\/marmelade-biologique-de-clementines\/","title":{"rendered":"Organic Clementine Marmalade"},"content":{"rendered":"<p><span style=\"font-weight: 400;\">This marmalade, made with over 95% organic ingredients, does justice to the bright flavor of the clementine. The use of tender peels accentuates the finish.<\/span><\/p>\n<p><span style=\"font-weight: 400;\">Louis-Jacques Bleau, Les Cavistes-WineSpectator Award Sommelier since 2014, describes this spread as follows<\/span><\/p>\n<p><i><span style=\"font-weight: 400;\">Powerful nose of clementine peel aroma after removing the small black diamond-shaped sticker written Morocco!<\/span><\/i><\/p>\n<p><i><span style=\"font-weight: 400;\">In the mouth the attack is carried on the flavor of the pulp of the clementine, is followed by a finish carried on the bitters of citrus peel! The sugar\/acid balance is perfectly proportioned and the texture between the jelly and the tender zests gives a very nice dimension in the mouth.<\/span><\/i><\/p>\n<p><i><span style=\"font-weight: 400;\">The jam is a balm for all those who feel that the Moroccan clementine season should last 12 months a year!\u00a0<\/span><\/i><\/p>\n<p><b><i>Suggested pairing: with a chocolatine.<\/i><\/b><\/p>\n<p>&nbsp;<\/p>","protected":false},"excerpt":{"rendered":"<p>Cette marmelade, compos\u00e9e \u00e0 plus de 95 % d\u2019ingr\u00e9dients biologiques, rend justice \u00e0 la saveur \u00e9clatante de la cl\u00e9mentine. L\u2019utilisation d\u2019\u00e9corces tendres accentue la finale. Louis-Jacques Bleu, Sommelier Les Cavistes-Wine Spectator Award depuis 2014, d\u00e9crit ainsi cette tartinade : Nez puissant d\u2019ar\u00f4me d\u2019\u00e9corce de cl\u00e9mentine apr\u00e8s retrait du petit autocollant noir en forme de losange [&hellip;]<\/p>\n","protected":false},"featured_media":1985,"comment_status":"open","ping_status":"closed","template":"","meta":{"_acf_changed":false,"iawp_total_views":100},"product_brand":[],"product_cat":[23],"product_tag":[],"class_list":{"0":"post-1048","1":"product","2":"type-product","3":"status-publish","4":"has-post-thumbnail","6":"product_cat-tartinades","8":"first","9":"instock","10":"sale","11":"featured","12":"shipping-taxable","13":"purchasable","14":"product-type-variable"},"acf":[],"jetpack_sharing_enabled":true,"_links":{"self":[{"href":"https:\/\/tartinadespunch.com\/en\/wp-json\/wp\/v2\/product\/1048","targetHints":{"allow":["GET"]}}],"collection":[{"href":"https:\/\/tartinadespunch.com\/en\/wp-json\/wp\/v2\/product"}],"about":[{"href":"https:\/\/tartinadespunch.com\/en\/wp-json\/wp\/v2\/types\/product"}],"replies":[{"embeddable":true,"href":"https:\/\/tartinadespunch.com\/en\/wp-json\/wp\/v2\/comments?post=1048"}],"wp:featuredmedia":[{"embeddable":true,"href":"https:\/\/tartinadespunch.com\/en\/wp-json\/wp\/v2\/media\/1985"}],"wp:attachment":[{"href":"https:\/\/tartinadespunch.com\/en\/wp-json\/wp\/v2\/media?parent=1048"}],"wp:term":[{"taxonomy":"product_brand","embeddable":true,"href":"https:\/\/tartinadespunch.com\/en\/wp-json\/wp\/v2\/product_brand?post=1048"},{"taxonomy":"product_cat","embeddable":true,"href":"https:\/\/tartinadespunch.com\/en\/wp-json\/wp\/v2\/product_cat?post=1048"},{"taxonomy":"product_tag","embeddable":true,"href":"https:\/\/tartinadespunch.com\/en\/wp-json\/wp\/v2\/product_tag?post=1048"}],"curies":[{"name":"wp","href":"https:\/\/api.w.org\/{rel}","templated":true}]}}